{"id":1976,"date":"2025-05-08T07:02:10","date_gmt":"2025-05-08T00:02:10","guid":{"rendered":"https:\/\/uvote.vn\/dang-ky-trai-nghiem-ban-dung-thu-uvote-mien-phi\/"},"modified":"2026-04-22T14:45:56","modified_gmt":"2026-04-22T07:45:56","slug":"dang-ky-trai-nghiem-ban-dung-thu-uvote-mien-phi","status":"publish","type":"page","link":"https:\/\/uvote.vn\/en\/dang-ky-trai-nghiem-ban-dung-thu-uvote-mien-phi\/","title":{"rendered":"Dang ky trai nghiem ban dung thu uvote mien phi"},"content":{"rendered":"\t\t<div data-elementor-type=\"wp-page\" data-elementor-id=\"1976\" class=\"elementor elementor-1976 elementor-1297\" data-elementor-post-type=\"page\">\n\t\t\t\t\t\t<section class=\"has_ae_slider elementor-section elementor-top-section elementor-element elementor-element-ee3ca41 elementor-section-boxed elementor-section-height-default elementor-section-height-default ae-bg-gallery-type-default\" data-id=\"ee3ca41\" data-element_type=\"section\">\n\t\t\t\t\t\t<div class=\"elementor-container elementor-column-gap-default\">\n\t\t\t\t\t<div class=\"has_ae_slider elementor-column elementor-col-100 elementor-top-column elementor-element elementor-element-1d19839 ae-bg-gallery-type-default\" data-id=\"1d19839\" data-element_type=\"column\">\n\t\t\t<div class=\"elementor-widget-wrap elementor-element-populated\">\n\t\t\t\t\t\t<div class=\"elementor-element elementor-element-fabd855 elementor-widget elementor-widget-heading\" data-id=\"fabd855\" data-element_type=\"widget\" data-widget_type=\"heading.default\">\n\t\t\t\t<div class=\"elementor-widget-container\">\n\t\t\t<style>\/*! elementor - v3.19.0 - 28-02-2024 *\/\n.elementor-heading-title{padding:0;margin:0;line-height:1}.elementor-widget-heading .elementor-heading-title[class*=elementor-size-]>a{color:inherit;font-size:inherit;line-height:inherit}.elementor-widget-heading .elementor-heading-title.elementor-size-small{font-size:15px}.elementor-widget-heading .elementor-heading-title.elementor-size-medium{font-size:19px}.elementor-widget-heading .elementor-heading-title.elementor-size-large{font-size:29px}.elementor-widget-heading .elementor-heading-title.elementor-size-xl{font-size:39px}.elementor-widget-heading .elementor-heading-title.elementor-size-xxl{font-size:59px}<\/style><h1 class=\"elementor-heading-title elementor-size-large\">\u0110\u0103ng K\u00fd Tr\u1ea3i Nghi\u1ec7m B\u1ea3n D\u00f9ng Th\u1eed UVote Mi\u1ec5n Ph\u00ed!<\/h1>\t\t<\/div>\n\t\t\t\t<\/div>\n\t\t\t\t<div class=\"elementor-element elementor-element-c3b5a82 elementor-widget elementor-widget-text-editor\" data-id=\"c3b5a82\" data-element_type=\"widget\" data-widget_type=\"text-editor.default\">\n\t\t\t\t<div class=\"elementor-widget-container\">\n\t\t\t<style>\/*! elementor - v3.19.0 - 28-02-2024 *\/\n.elementor-widget-text-editor.elementor-drop-cap-view-stacked .elementor-drop-cap{background-color:#69727d;color:#fff}.elementor-widget-text-editor.elementor-drop-cap-view-framed .elementor-drop-cap{color:#69727d;border:3px solid;background-color:transparent}.elementor-widget-text-editor:not(.elementor-drop-cap-view-default) .elementor-drop-cap{margin-top:8px}.elementor-widget-text-editor:not(.elementor-drop-cap-view-default) .elementor-drop-cap-letter{width:1em;height:1em}.elementor-widget-text-editor .elementor-drop-cap{float:left;text-align:center;line-height:1;font-size:50px}.elementor-widget-text-editor .elementor-drop-cap-letter{display:inline-block}<\/style>\t\t\t\t<ul><li><span style=\"color: #000000;\">Tr\u1ea3i nghi\u1ec7m g\u1ea7n 80% so v\u1edbi b\u1ea3n tr\u1ea3 ph\u00ed<\/span><\/li><li><span style=\"color: #000000;\">D\u1ec5 d\u00e0ng s\u1eed d\u1ee5ng<\/span><\/li><li><span style=\"color: #000000;\">\u0110\u1eb7t l\u1ecbch demo 1:1 v\u1edbi \u0111\u1ed9i ng\u0169 t\u01b0 v\u1ea5n<\/span><\/li><\/ul>\t\t\t\t\t\t<\/div>\n\t\t\t\t<\/div>\n\t\t\t\t<div class=\"elementor-element elementor-element-89e424d elementor-widget elementor-widget-image\" data-id=\"89e424d\" data-element_type=\"widget\" data-widget_type=\"image.default\">\n\t\t\t\t<div class=\"elementor-widget-container\">\n\t\t\t<style>\/*! elementor - v3.19.0 - 28-02-2024 *\/\n.elementor-widget-image{text-align:center}.elementor-widget-image a{display:inline-block}.elementor-widget-image a img[src$=\".svg\"]{width:48px}.elementor-widget-image img{vertical-align:middle;display:inline-block}<\/style>\t\t\t\t\t\t\t\t\t\t<img fetchpriority=\"high\" decoding=\"async\" width=\"1024\" height=\"384\" src=\"https:\/\/uvote.vn\/wp-content\/uploads\/2025\/05\/Herobanner-1-1024x384.png\" class=\"attachment-large size-large wp-image-1916\" alt=\"\" srcset=\"https:\/\/uvote.vn\/wp-content\/uploads\/2025\/05\/Herobanner-1-1024x384.png 1024w, https:\/\/uvote.vn\/wp-content\/uploads\/2025\/05\/Herobanner-1-300x113.png 300w, https:\/\/uvote.vn\/wp-content\/uploads\/2025\/05\/Herobanner-1-768x288.png 768w, https:\/\/uvote.vn\/wp-content\/uploads\/2025\/05\/Herobanner-1-1536x576.png 1536w, https:\/\/uvote.vn\/wp-content\/uploads\/2025\/05\/Herobanner-1.png 1921w\" sizes=\"(max-width: 1024px) 100vw, 1024px\" \/>\t\t\t\t\t\t\t\t\t\t\t\t\t<\/div>\n\t\t\t\t<\/div>\n\t\t\t\t\t<\/div>\n\t\t<\/div>\n\t\t\t\t\t<\/div>\n\t\t<\/section>\n\t\t\t\t<section class=\"has_ae_slider elementor-section elementor-top-section elementor-element elementor-element-c8207c1 elementor-section-boxed elementor-section-height-default elementor-section-height-default ae-bg-gallery-type-default\" data-id=\"c8207c1\" data-element_type=\"section\">\n\t\t\t\t\t\t<div class=\"elementor-container elementor-column-gap-default\">\n\t\t\t\t\t<div class=\"has_ae_slider elementor-column elementor-col-100 elementor-top-column elementor-element elementor-element-eea41e7 ae-bg-gallery-type-default\" data-id=\"eea41e7\" data-element_type=\"column\">\n\t\t\t<div class=\"elementor-widget-wrap elementor-element-populated\">\n\t\t\t\t\t\t<div class=\"elementor-element elementor-element-2047e5a elementor-widget elementor-widget-html\" data-id=\"2047e5a\" data-element_type=\"widget\" data-widget_type=\"html.default\">\n\t\t\t\t<div class=\"elementor-widget-container\">\n\t\t\t<script src=\"https:\/\/js.hsforms.net\/forms\/embed\/44671265.js\" defer><\/script>\r\n<div class=\"hs-form-frame\" data-region=\"na1\" data-form-id=\"c0040a5f-32ef-4440-92c7-b52f2b04a064\" data-portal-id=\"44671265\"><\/div>\t\t<\/div>\n\t\t\t\t<\/div>\n\t\t\t\t\t<\/div>\n\t\t<\/div>\n\t\t\t\t\t<\/div>\n\t\t<\/section>\n\t\t\t\t<\/div>\n\t\t","protected":false},"excerpt":{"rendered":"<p>\u0110\u0103ng K\u00fd Tr\u1ea3i Nghi\u1ec7m B\u1ea3n D\u00f9ng Th\u1eed UVote Mi\u1ec5n Ph\u00ed! Tr\u1ea3i nghi\u1ec7m g\u1ea7n 80% so v\u1edbi b\u1ea3n tr\u1ea3 ph\u00ed D\u1ec5 d\u00e0ng s\u1eed d\u1ee5ng \u0110\u1eb7t l\u1ecbch demo 1:1 v\u1edbi \u0111\u1ed9i ng\u0169 t\u01b0 v\u1ea5n<\/p>\n","protected":false},"author":1,"featured_media":0,"parent":0,"menu_order":0,"comment_status":"closed","ping_status":"closed","template":"","meta":{"inline_featured_image":false,"footnotes":""},"class_list":["post-1976","page","type-page","status-publish","hentry","entry"],"acf":[],"yoast_head":"<!-- This site is optimized with the Yoast SEO Premium plugin v22.2 (Yoast SEO v22.2) - https:\/\/yoast.com\/wordpress\/plugins\/seo\/ -->\n<title>Dang ky trai nghiem ban dung thu uvote mien phi - UVote - Gi\u1ea3i ph\u00e1p bi\u1ec3u quy\u1ebft \u0111i\u1ec7n t\u1eed h\u00e0ng \u0111\u1ea7u Vi\u1ec7t Nam<\/title>\n<meta name=\"description\" content=\"T\u1ed5ng h\u1ee3p c\u00e1c m\u1eabu t\u00e0i li\u1ec7u \u0111\u1ea1i h\u1ed9i c\u1ed5 \u0111\u00f4ng th\u01b0\u1eddng d\u00f9ng trong t\u1ed5 ch\u1ee9c \u0111\u1ea1i h\u1ed9i c\u1ed5 \u0111\u00f4ng, \u0111\u1ea1i h\u1ed9i nh\u00e0 \u0111\u1ea7u t\u01b0, \u0111\u1ea1i h\u1ed9i qu\u1ef9 v\u00e0 file checklist c\u00e1c h\u1ea1ng m\u1ee5c c\u1ea7n chu\u1ea9n b\u1ecb cho \u0111\u1ea1i h\u1ed9i. B\u1ed9 t\u00e0i li\u1ec7u bao g\u1ed3m c\u00e1c m\u1eabu: M\u1eabu th\u00f4ng b\u00e1o m\u1eddi h\u1ecdp, M\u1eabu danh s\u00e1ch C\u1ed5 \u0111\u00f4ng c\u00f3 quy\u1ec1n d\u1ef1 h\u1ecdp, M\u1eabu danh s\u00e1ch \u1ee6y quy\u1ec1n, Gi\u1ea5y \u1ee7y quy\u1ec1n d\u1ef1 h\u1ecdp d\u00e0nh cho c\u1ed5 \u0111\u00f4ng c\u00e1 nh\u00e2n v\u00e0 t\u1ed5 ch\u1ee9c, M\u1eabu bi\u00ean b\u1ea3n h\u1ecdp \u0111\u1ea1i h\u1ed9i, B\u1ed9 checklist v\u1eadn h\u00e0nh \u0111\u1ea1i h\u1ed9i c\u1ed5 \u0111\u00f4ng tr\u00ean n\u1ec1n t\u1ea3ng \u0111i\u1ec7n t\u1eed\" \/>\n<meta name=\"robots\" content=\"index, follow, max-snippet:-1, max-image-preview:large, max-video-preview:-1\" \/>\n<link rel=\"canonical\" href=\"https:\/\/uvote.vn\/en\/dang-ky-trai-nghiem-ban-dung-thu-uvote-mien-phi\/\" \/>\n<meta property=\"og:locale\" content=\"en_US\" \/>\n<meta property=\"og:type\" content=\"article\" \/>\n<meta property=\"og:title\" content=\"Dang ky trai nghiem ban dung thu uvote mien phi\" \/>\n<meta property=\"og:description\" content=\"T\u1ed5ng h\u1ee3p c\u00e1c m\u1eabu t\u00e0i li\u1ec7u \u0111\u1ea1i h\u1ed9i c\u1ed5 \u0111\u00f4ng th\u01b0\u1eddng d\u00f9ng trong t\u1ed5 ch\u1ee9c \u0111\u1ea1i h\u1ed9i c\u1ed5 \u0111\u00f4ng, \u0111\u1ea1i h\u1ed9i nh\u00e0 \u0111\u1ea7u t\u01b0, \u0111\u1ea1i h\u1ed9i qu\u1ef9 v\u00e0 file checklist c\u00e1c h\u1ea1ng m\u1ee5c c\u1ea7n chu\u1ea9n b\u1ecb cho \u0111\u1ea1i h\u1ed9i. B\u1ed9 t\u00e0i li\u1ec7u bao g\u1ed3m c\u00e1c m\u1eabu: M\u1eabu th\u00f4ng b\u00e1o m\u1eddi h\u1ecdp, M\u1eabu danh s\u00e1ch C\u1ed5 \u0111\u00f4ng c\u00f3 quy\u1ec1n d\u1ef1 h\u1ecdp, M\u1eabu danh s\u00e1ch \u1ee6y quy\u1ec1n, Gi\u1ea5y \u1ee7y quy\u1ec1n d\u1ef1 h\u1ecdp d\u00e0nh cho c\u1ed5 \u0111\u00f4ng c\u00e1 nh\u00e2n v\u00e0 t\u1ed5 ch\u1ee9c, M\u1eabu bi\u00ean b\u1ea3n h\u1ecdp \u0111\u1ea1i h\u1ed9i, B\u1ed9 checklist v\u1eadn h\u00e0nh \u0111\u1ea1i h\u1ed9i c\u1ed5 \u0111\u00f4ng tr\u00ean n\u1ec1n t\u1ea3ng \u0111i\u1ec7n t\u1eed\" \/>\n<meta property=\"og:url\" content=\"https:\/\/uvote.vn\/en\/dang-ky-trai-nghiem-ban-dung-thu-uvote-mien-phi\/\" \/>\n<meta property=\"og:site_name\" content=\"UVote - Gi\u1ea3i ph\u00e1p bi\u1ec3u quy\u1ebft \u0111i\u1ec7n t\u1eed h\u00e0ng \u0111\u1ea7u Vi\u1ec7t Nam\" \/>\n<meta property=\"article:modified_time\" content=\"2026-04-22T07:45:56+00:00\" \/>\n<meta property=\"og:image\" content=\"https:\/\/uvote.vn\/wp-content\/uploads\/2025\/05\/Herobanner-1-1024x384.png\" \/>\n<meta name=\"twitter:card\" content=\"summary_large_image\" \/>\n<meta name=\"twitter:label1\" content=\"Est. reading time\" \/>\n\t<meta name=\"twitter:data1\" content=\"1 minute\" \/>\n<script type=\"application\/ld+json\" class=\"yoast-schema-graph\">{\"@context\":\"https:\/\/schema.org\",\"@graph\":[{\"@type\":\"WebPage\",\"@id\":\"https:\/\/uvote.vn\/en\/dang-ky-trai-nghiem-ban-dung-thu-uvote-mien-phi\/\",\"url\":\"https:\/\/uvote.vn\/en\/dang-ky-trai-nghiem-ban-dung-thu-uvote-mien-phi\/\",\"name\":\"Dang ky trai nghiem ban dung thu uvote mien phi - UVote - Gi\u1ea3i ph\u00e1p bi\u1ec3u quy\u1ebft \u0111i\u1ec7n t\u1eed h\u00e0ng \u0111\u1ea7u Vi\u1ec7t Nam\",\"isPartOf\":{\"@id\":\"https:\/\/uvote.vn\/#website\"},\"primaryImageOfPage\":{\"@id\":\"https:\/\/uvote.vn\/en\/dang-ky-trai-nghiem-ban-dung-thu-uvote-mien-phi\/#primaryimage\"},\"image\":{\"@id\":\"https:\/\/uvote.vn\/en\/dang-ky-trai-nghiem-ban-dung-thu-uvote-mien-phi\/#primaryimage\"},\"thumbnailUrl\":\"https:\/\/uvote.vn\/wp-content\/uploads\/2025\/05\/Herobanner-1-1024x384.png\",\"datePublished\":\"2025-05-08T00:02:10+00:00\",\"dateModified\":\"2026-04-22T07:45:56+00:00\",\"description\":\"T\u1ed5ng h\u1ee3p c\u00e1c m\u1eabu t\u00e0i li\u1ec7u \u0111\u1ea1i h\u1ed9i c\u1ed5 \u0111\u00f4ng th\u01b0\u1eddng d\u00f9ng trong t\u1ed5 ch\u1ee9c \u0111\u1ea1i h\u1ed9i c\u1ed5 \u0111\u00f4ng, \u0111\u1ea1i h\u1ed9i nh\u00e0 \u0111\u1ea7u t\u01b0, \u0111\u1ea1i h\u1ed9i qu\u1ef9 v\u00e0 file checklist c\u00e1c h\u1ea1ng m\u1ee5c c\u1ea7n chu\u1ea9n b\u1ecb cho \u0111\u1ea1i h\u1ed9i. B\u1ed9 t\u00e0i li\u1ec7u bao g\u1ed3m c\u00e1c m\u1eabu: M\u1eabu th\u00f4ng b\u00e1o m\u1eddi h\u1ecdp, M\u1eabu danh s\u00e1ch C\u1ed5 \u0111\u00f4ng c\u00f3 quy\u1ec1n d\u1ef1 h\u1ecdp, M\u1eabu danh s\u00e1ch \u1ee6y quy\u1ec1n, Gi\u1ea5y \u1ee7y quy\u1ec1n d\u1ef1 h\u1ecdp d\u00e0nh cho c\u1ed5 \u0111\u00f4ng c\u00e1 nh\u00e2n v\u00e0 t\u1ed5 ch\u1ee9c, M\u1eabu bi\u00ean b\u1ea3n h\u1ecdp \u0111\u1ea1i h\u1ed9i, B\u1ed9 checklist v\u1eadn h\u00e0nh \u0111\u1ea1i h\u1ed9i c\u1ed5 \u0111\u00f4ng tr\u00ean n\u1ec1n t\u1ea3ng \u0111i\u1ec7n t\u1eed\",\"breadcrumb\":{\"@id\":\"https:\/\/uvote.vn\/en\/dang-ky-trai-nghiem-ban-dung-thu-uvote-mien-phi\/#breadcrumb\"},\"inLanguage\":\"en-US\",\"potentialAction\":[{\"@type\":\"ReadAction\",\"target\":[\"https:\/\/uvote.vn\/en\/dang-ky-trai-nghiem-ban-dung-thu-uvote-mien-phi\/\"]}]},{\"@type\":\"ImageObject\",\"inLanguage\":\"en-US\",\"@id\":\"https:\/\/uvote.vn\/en\/dang-ky-trai-nghiem-ban-dung-thu-uvote-mien-phi\/#primaryimage\",\"url\":\"https:\/\/uvote.vn\/wp-content\/uploads\/2025\/05\/Herobanner-1.png\",\"contentUrl\":\"https:\/\/uvote.vn\/wp-content\/uploads\/2025\/05\/Herobanner-1.png\",\"width\":1921,\"height\":721},{\"@type\":\"BreadcrumbList\",\"@id\":\"https:\/\/uvote.vn\/en\/dang-ky-trai-nghiem-ban-dung-thu-uvote-mien-phi\/#breadcrumb\",\"itemListElement\":[{\"@type\":\"ListItem\",\"position\":1,\"name\":\"Home\",\"item\":\"https:\/\/uvote.vn\/en\/\"},{\"@type\":\"ListItem\",\"position\":2,\"name\":\"Dang ky trai nghiem ban dung thu uvote mien phi\"}]},{\"@type\":\"WebSite\",\"@id\":\"https:\/\/uvote.vn\/#website\",\"url\":\"https:\/\/uvote.vn\/\",\"name\":\"UVote - Gi\u1ea3i ph\u00e1p bi\u1ec3u quy\u1ebft \u0111i\u1ec7n t\u1eed h\u00e0ng \u0111\u1ea7u Vi\u1ec7t Nam\",\"description\":\"\",\"publisher\":{\"@id\":\"https:\/\/uvote.vn\/#organization\"},\"potentialAction\":[{\"@type\":\"SearchAction\",\"target\":{\"@type\":\"EntryPoint\",\"urlTemplate\":\"https:\/\/uvote.vn\/?s={search_term_string}\"},\"query-input\":\"required name=search_term_string\"}],\"inLanguage\":\"en-US\"},{\"@type\":\"Organization\",\"@id\":\"https:\/\/uvote.vn\/#organization\",\"name\":\"UVote - Gi\u1ea3i ph\u00e1p bi\u1ec3u quy\u1ebft \u0111i\u1ec7n t\u1eed h\u00e0ng \u0111\u1ea7u Vi\u1ec7t Nam\",\"url\":\"https:\/\/uvote.vn\/\",\"logo\":{\"@type\":\"ImageObject\",\"inLanguage\":\"en-US\",\"@id\":\"https:\/\/uvote.vn\/#\/schema\/logo\/image\/\",\"url\":\"https:\/\/uvote.vn\/wp-content\/uploads\/2023\/04\/logo.png\",\"contentUrl\":\"https:\/\/uvote.vn\/wp-content\/uploads\/2023\/04\/logo.png\",\"width\":270,\"height\":80,\"caption\":\"UVote - Gi\u1ea3i ph\u00e1p bi\u1ec3u quy\u1ebft \u0111i\u1ec7n t\u1eed h\u00e0ng \u0111\u1ea7u Vi\u1ec7t Nam\"},\"image\":{\"@id\":\"https:\/\/uvote.vn\/#\/schema\/logo\/image\/\"}}]}<\/script>\n<!-- \/ Yoast SEO Premium plugin. -->","yoast_head_json":{"title":"Dang ky trai nghiem ban dung thu uvote mien phi - UVote - Gi\u1ea3i ph\u00e1p bi\u1ec3u quy\u1ebft \u0111i\u1ec7n t\u1eed h\u00e0ng \u0111\u1ea7u Vi\u1ec7t Nam","description":"T\u1ed5ng h\u1ee3p c\u00e1c m\u1eabu t\u00e0i li\u1ec7u \u0111\u1ea1i h\u1ed9i c\u1ed5 \u0111\u00f4ng th\u01b0\u1eddng d\u00f9ng trong t\u1ed5 ch\u1ee9c \u0111\u1ea1i h\u1ed9i c\u1ed5 \u0111\u00f4ng, \u0111\u1ea1i h\u1ed9i nh\u00e0 \u0111\u1ea7u t\u01b0, \u0111\u1ea1i h\u1ed9i qu\u1ef9 v\u00e0 file checklist c\u00e1c h\u1ea1ng m\u1ee5c c\u1ea7n chu\u1ea9n b\u1ecb cho \u0111\u1ea1i h\u1ed9i. B\u1ed9 t\u00e0i li\u1ec7u bao g\u1ed3m c\u00e1c m\u1eabu: M\u1eabu th\u00f4ng b\u00e1o m\u1eddi h\u1ecdp, M\u1eabu danh s\u00e1ch C\u1ed5 \u0111\u00f4ng c\u00f3 quy\u1ec1n d\u1ef1 h\u1ecdp, M\u1eabu danh s\u00e1ch \u1ee6y quy\u1ec1n, Gi\u1ea5y \u1ee7y quy\u1ec1n d\u1ef1 h\u1ecdp d\u00e0nh cho c\u1ed5 \u0111\u00f4ng c\u00e1 nh\u00e2n v\u00e0 t\u1ed5 ch\u1ee9c, M\u1eabu bi\u00ean b\u1ea3n h\u1ecdp \u0111\u1ea1i h\u1ed9i, B\u1ed9 checklist v\u1eadn h\u00e0nh \u0111\u1ea1i h\u1ed9i c\u1ed5 \u0111\u00f4ng tr\u00ean n\u1ec1n t\u1ea3ng \u0111i\u1ec7n t\u1eed","robots":{"index":"index","follow":"follow","max-snippet":"max-snippet:-1","max-image-preview":"max-image-preview:large","max-video-preview":"max-video-preview:-1"},"canonical":"https:\/\/uvote.vn\/en\/dang-ky-trai-nghiem-ban-dung-thu-uvote-mien-phi\/","og_locale":"en_US","og_type":"article","og_title":"Dang ky trai nghiem ban dung thu uvote mien phi","og_description":"T\u1ed5ng h\u1ee3p c\u00e1c m\u1eabu t\u00e0i li\u1ec7u \u0111\u1ea1i h\u1ed9i c\u1ed5 \u0111\u00f4ng th\u01b0\u1eddng d\u00f9ng trong t\u1ed5 ch\u1ee9c \u0111\u1ea1i h\u1ed9i c\u1ed5 \u0111\u00f4ng, \u0111\u1ea1i h\u1ed9i nh\u00e0 \u0111\u1ea7u t\u01b0, \u0111\u1ea1i h\u1ed9i qu\u1ef9 v\u00e0 file checklist c\u00e1c h\u1ea1ng m\u1ee5c c\u1ea7n chu\u1ea9n b\u1ecb cho \u0111\u1ea1i h\u1ed9i. B\u1ed9 t\u00e0i li\u1ec7u bao g\u1ed3m c\u00e1c m\u1eabu: M\u1eabu th\u00f4ng b\u00e1o m\u1eddi h\u1ecdp, M\u1eabu danh s\u00e1ch C\u1ed5 \u0111\u00f4ng c\u00f3 quy\u1ec1n d\u1ef1 h\u1ecdp, M\u1eabu danh s\u00e1ch \u1ee6y quy\u1ec1n, Gi\u1ea5y \u1ee7y quy\u1ec1n d\u1ef1 h\u1ecdp d\u00e0nh cho c\u1ed5 \u0111\u00f4ng c\u00e1 nh\u00e2n v\u00e0 t\u1ed5 ch\u1ee9c, M\u1eabu bi\u00ean b\u1ea3n h\u1ecdp \u0111\u1ea1i h\u1ed9i, B\u1ed9 checklist v\u1eadn h\u00e0nh \u0111\u1ea1i h\u1ed9i c\u1ed5 \u0111\u00f4ng tr\u00ean n\u1ec1n t\u1ea3ng \u0111i\u1ec7n t\u1eed","og_url":"https:\/\/uvote.vn\/en\/dang-ky-trai-nghiem-ban-dung-thu-uvote-mien-phi\/","og_site_name":"UVote - Gi\u1ea3i ph\u00e1p bi\u1ec3u quy\u1ebft \u0111i\u1ec7n t\u1eed h\u00e0ng \u0111\u1ea7u Vi\u1ec7t Nam","article_modified_time":"2026-04-22T07:45:56+00:00","og_image":[{"url":"https:\/\/uvote.vn\/wp-content\/uploads\/2025\/05\/Herobanner-1-1024x384.png"}],"twitter_card":"summary_large_image","twitter_misc":{"Est. reading time":"1 minute"},"schema":{"@context":"https:\/\/schema.org","@graph":[{"@type":"WebPage","@id":"https:\/\/uvote.vn\/en\/dang-ky-trai-nghiem-ban-dung-thu-uvote-mien-phi\/","url":"https:\/\/uvote.vn\/en\/dang-ky-trai-nghiem-ban-dung-thu-uvote-mien-phi\/","name":"Dang ky trai nghiem ban dung thu uvote mien phi - UVote - Gi\u1ea3i ph\u00e1p bi\u1ec3u quy\u1ebft \u0111i\u1ec7n t\u1eed h\u00e0ng \u0111\u1ea7u Vi\u1ec7t Nam","isPartOf":{"@id":"https:\/\/uvote.vn\/#website"},"primaryImageOfPage":{"@id":"https:\/\/uvote.vn\/en\/dang-ky-trai-nghiem-ban-dung-thu-uvote-mien-phi\/#primaryimage"},"image":{"@id":"https:\/\/uvote.vn\/en\/dang-ky-trai-nghiem-ban-dung-thu-uvote-mien-phi\/#primaryimage"},"thumbnailUrl":"https:\/\/uvote.vn\/wp-content\/uploads\/2025\/05\/Herobanner-1-1024x384.png","datePublished":"2025-05-08T00:02:10+00:00","dateModified":"2026-04-22T07:45:56+00:00","description":"T\u1ed5ng h\u1ee3p c\u00e1c m\u1eabu t\u00e0i li\u1ec7u \u0111\u1ea1i h\u1ed9i c\u1ed5 \u0111\u00f4ng th\u01b0\u1eddng d\u00f9ng trong t\u1ed5 ch\u1ee9c \u0111\u1ea1i h\u1ed9i c\u1ed5 \u0111\u00f4ng, \u0111\u1ea1i h\u1ed9i nh\u00e0 \u0111\u1ea7u t\u01b0, \u0111\u1ea1i h\u1ed9i qu\u1ef9 v\u00e0 file checklist c\u00e1c h\u1ea1ng m\u1ee5c c\u1ea7n chu\u1ea9n b\u1ecb cho \u0111\u1ea1i h\u1ed9i. B\u1ed9 t\u00e0i li\u1ec7u bao g\u1ed3m c\u00e1c m\u1eabu: M\u1eabu th\u00f4ng b\u00e1o m\u1eddi h\u1ecdp, M\u1eabu danh s\u00e1ch C\u1ed5 \u0111\u00f4ng c\u00f3 quy\u1ec1n d\u1ef1 h\u1ecdp, M\u1eabu danh s\u00e1ch \u1ee6y quy\u1ec1n, Gi\u1ea5y \u1ee7y quy\u1ec1n d\u1ef1 h\u1ecdp d\u00e0nh cho c\u1ed5 \u0111\u00f4ng c\u00e1 nh\u00e2n v\u00e0 t\u1ed5 ch\u1ee9c, M\u1eabu bi\u00ean b\u1ea3n h\u1ecdp \u0111\u1ea1i h\u1ed9i, B\u1ed9 checklist v\u1eadn h\u00e0nh \u0111\u1ea1i h\u1ed9i c\u1ed5 \u0111\u00f4ng tr\u00ean n\u1ec1n t\u1ea3ng \u0111i\u1ec7n t\u1eed","breadcrumb":{"@id":"https:\/\/uvote.vn\/en\/dang-ky-trai-nghiem-ban-dung-thu-uvote-mien-phi\/#breadcrumb"},"inLanguage":"en-US","potentialAction":[{"@type":"ReadAction","target":["https:\/\/uvote.vn\/en\/dang-ky-trai-nghiem-ban-dung-thu-uvote-mien-phi\/"]}]},{"@type":"ImageObject","inLanguage":"en-US","@id":"https:\/\/uvote.vn\/en\/dang-ky-trai-nghiem-ban-dung-thu-uvote-mien-phi\/#primaryimage","url":"https:\/\/uvote.vn\/wp-content\/uploads\/2025\/05\/Herobanner-1.png","contentUrl":"https:\/\/uvote.vn\/wp-content\/uploads\/2025\/05\/Herobanner-1.png","width":1921,"height":721},{"@type":"BreadcrumbList","@id":"https:\/\/uvote.vn\/en\/dang-ky-trai-nghiem-ban-dung-thu-uvote-mien-phi\/#breadcrumb","itemListElement":[{"@type":"ListItem","position":1,"name":"Home","item":"https:\/\/uvote.vn\/en\/"},{"@type":"ListItem","position":2,"name":"Dang ky trai nghiem ban dung thu uvote mien phi"}]},{"@type":"WebSite","@id":"https:\/\/uvote.vn\/#website","url":"https:\/\/uvote.vn\/","name":"UVote - Gi\u1ea3i ph\u00e1p bi\u1ec3u quy\u1ebft \u0111i\u1ec7n t\u1eed h\u00e0ng \u0111\u1ea7u Vi\u1ec7t Nam","description":"","publisher":{"@id":"https:\/\/uvote.vn\/#organization"},"potentialAction":[{"@type":"SearchAction","target":{"@type":"EntryPoint","urlTemplate":"https:\/\/uvote.vn\/?s={search_term_string}"},"query-input":"required name=search_term_string"}],"inLanguage":"en-US"},{"@type":"Organization","@id":"https:\/\/uvote.vn\/#organization","name":"UVote - Gi\u1ea3i ph\u00e1p bi\u1ec3u quy\u1ebft \u0111i\u1ec7n t\u1eed h\u00e0ng \u0111\u1ea7u Vi\u1ec7t Nam","url":"https:\/\/uvote.vn\/","logo":{"@type":"ImageObject","inLanguage":"en-US","@id":"https:\/\/uvote.vn\/#\/schema\/logo\/image\/","url":"https:\/\/uvote.vn\/wp-content\/uploads\/2023\/04\/logo.png","contentUrl":"https:\/\/uvote.vn\/wp-content\/uploads\/2023\/04\/logo.png","width":270,"height":80,"caption":"UVote - Gi\u1ea3i ph\u00e1p bi\u1ec3u quy\u1ebft \u0111i\u1ec7n t\u1eed h\u00e0ng \u0111\u1ea7u Vi\u1ec7t Nam"},"image":{"@id":"https:\/\/uvote.vn\/#\/schema\/logo\/image\/"}}]}},"_links":{"self":[{"href":"https:\/\/uvote.vn\/en\/wp-json\/wp\/v2\/pages\/1976","targetHints":{"allow":["GET"]}}],"collection":[{"href":"https:\/\/uvote.vn\/en\/wp-json\/wp\/v2\/pages"}],"about":[{"href":"https:\/\/uvote.vn\/en\/wp-json\/wp\/v2\/types\/page"}],"author":[{"embeddable":true,"href":"https:\/\/uvote.vn\/en\/wp-json\/wp\/v2\/users\/1"}],"replies":[{"embeddable":true,"href":"https:\/\/uvote.vn\/en\/wp-json\/wp\/v2\/comments?post=1976"}],"version-history":[{"count":2,"href":"https:\/\/uvote.vn\/en\/wp-json\/wp\/v2\/pages\/1976\/revisions"}],"predecessor-version":[{"id":1978,"href":"https:\/\/uvote.vn\/en\/wp-json\/wp\/v2\/pages\/1976\/revisions\/1978"}],"wp:attachment":[{"href":"https:\/\/uvote.vn\/en\/wp-json\/wp\/v2\/media?parent=1976"}],"curies":[{"name":"wp","href":"https:\/\/api.w.org\/{rel}","templated":true}]}}